{"id":638,"date":"2025-03-31T01:59:23","date_gmt":"2025-03-31T01:59:23","guid":{"rendered":"https:\/\/v006pro.phoenixvoyages.com\/?page_id=638"},"modified":"2026-02-03T17:12:42","modified_gmt":"2026-02-03T10:12:42","slug":"password-recovery","status":"publish","type":"page","link":"https:\/\/pro.phoenixvoyages.com\/fr\/password-recovery\/","title":{"rendered":"R\u00e9cup\u00e9ration du mot de passe"},"content":{"rendered":"<div data-elementor-type=\"wp-page\" data-elementor-id=\"638\" class=\"elementor elementor-638\" data-elementor-post-type=\"page\">\n\t\t\t\t<div data-dce-background-image-url=\"https:\/\/pro.phoenixvoyages.com\/wp-content\/uploads\/2025\/05\/shutterstock_1837566667-Oolong-Tea-Plantation-Shizhao-Village-Alishan-Area-Chiayi.jpg\" class=\"elementor-element elementor-element-958e183 e-con-full e-flex e-con e-parent\" data-id=\"958e183\" data-element_type=\"container\" data-e-type=\"container\" data-settings=\"{&quot;background_background&quot;:&quot;classic&quot;}\">\n\t\t<div class=\"elementor-element elementor-element-368bb42 e-con-full e-flex e-con e-child\" data-id=\"368bb42\" data-element_type=\"container\" data-e-type=\"container\">\n\t\t\t\t<div class=\"elementor-element elementor-element-f961b6b dce_masking-none elementor-widget elementor-widget-image\" data-id=\"f961b6b\" data-element_type=\"widget\" data-e-type=\"widget\" data-widget_type=\"image.default\">\n\t\t\t\t\t\t\t\t\t\t\t\t\t\t\t\t<a href=\"https:\/\/pro.phoenixvoyages.com\/fr\">\n\t\t\t\t\t\t\t<img fetchpriority=\"high\" decoding=\"async\" width=\"630\" height=\"202\" src=\"https:\/\/pro.phoenixvoyages.com\/wp-content\/uploads\/2025\/02\/dd7a44e5-1bd9-4668-8939-ac3d16931546.png\" class=\"attachment-large size-large wp-image-2183\" alt=\"\" srcset=\"https:\/\/pro.phoenixvoyages.com\/wp-content\/uploads\/2025\/02\/dd7a44e5-1bd9-4668-8939-ac3d16931546.png 630w, https:\/\/pro.phoenixvoyages.com\/wp-content\/uploads\/2025\/02\/dd7a44e5-1bd9-4668-8939-ac3d16931546-300x96.png 300w, https:\/\/pro.phoenixvoyages.com\/wp-content\/uploads\/2025\/02\/dd7a44e5-1bd9-4668-8939-ac3d16931546-18x6.png 18w\" sizes=\"(max-width: 630px) 100vw, 630px\" \/>\t\t\t\t\t\t\t\t<\/a>\n\t\t\t\t\t\t\t\t\t\t\t\t\t\t\t<\/div>\n\t\t\t\t<\/div>\n\t\t<div class=\"elementor-element elementor-element-1cbfb7a e-con-full e-flex e-con e-child\" data-id=\"1cbfb7a\" data-element_type=\"container\" data-e-type=\"container\">\n\t\t\t\t<\/div>\n\t\t<div data-dce-background-color=\"#00000080\" class=\"elementor-element elementor-element-ac4ca4c e-con-full e-flex e-con e-child\" data-id=\"ac4ca4c\" data-element_type=\"container\" data-e-type=\"container\" data-settings=\"{&quot;background_background&quot;:&quot;classic&quot;}\">\n\t\t\t\t<div class=\"elementor-element elementor-element-f684e04 elementor-nav-menu--dropdown-none elementor-widget elementor-widget-nav-menu\" data-id=\"f684e04\" data-element_type=\"widget\" data-e-type=\"widget\" data-settings=\"{&quot;layout&quot;:&quot;horizontal&quot;,&quot;submenu_icon&quot;:{&quot;value&quot;:&quot;&lt;svg aria-hidden=\\&quot;true\\&quot; class=\\&quot;e-font-icon-svg e-fas-caret-down\\&quot; viewBox=\\&quot;0 0 320 512\\&quot; xmlns=\\&quot;http:\\\/\\\/www.w3.org\\\/2000\\\/svg\\&quot;&gt;&lt;path d=\\&quot;M31.3 192h257.3c17.8 0 26.7 21.5 14.1 34.1L174.1 354.8c-7.8 7.8-20.5 7.8-28.3 0L17.2 226.1C4.6 213.5 13.5 192 31.3 192z\\&quot;&gt;&lt;\\\/path&gt;&lt;\\\/svg&gt;&quot;,&quot;library&quot;:&quot;fa-solid&quot;}}\" data-widget_type=\"nav-menu.default\">\n\t\t\t\t\t\t\t\t<nav aria-label=\"Menu\" class=\"elementor-nav-menu--main elementor-nav-menu__container elementor-nav-menu--layout-horizontal e--pointer-underline e--animation-fade\">\n\t\t\t\t<ul id=\"menu-1-f684e04\" class=\"elementor-nav-menu\"><li class=\"trp-language-switcher-container menu-item menu-item-type-post_type menu-item-object-language_switcher menu-item-has-children current-language-menu-item menu-item-476\"><a href=\"https:\/\/pro.phoenixvoyages.com\/fr\/wp-json\/wp\/v2\/pages\/638\" class=\"elementor-item elementor-item-anchor\"><span data-no-translation><img decoding=\"async\" class=\"trp-flag-image\" src=\"https:\/\/pro.phoenixvoyages.com\/wp-content\/plugins\/translatepress-multilingual\/assets\/images\/flags\/fr_FR.png\" width=\"18\" height=\"12\" alt=\"fr_FR\" title=\"French\"><span class=\"trp-ls-language-name\">French<\/span><\/span><\/a>\n<ul class=\"sub-menu elementor-nav-menu--dropdown\">\n\t<li class=\"trp-language-switcher-container menu-item menu-item-type-post_type menu-item-object-language_switcher current-language-menu-item menu-item-477\"><a href=\"https:\/\/pro.phoenixvoyages.com\/fr\/wp-json\/wp\/v2\/pages\/638\" class=\"elementor-sub-item elementor-item-anchor\"><span data-no-translation><img decoding=\"async\" class=\"trp-flag-image\" src=\"https:\/\/pro.phoenixvoyages.com\/wp-content\/plugins\/translatepress-multilingual\/assets\/images\/flags\/en_US.png\" width=\"18\" height=\"12\" alt=\"en_US\" title=\"English\"><span class=\"trp-ls-language-name\">English<\/span><\/span><\/a><\/li>\n\t<li class=\"trp-language-switcher-container menu-item menu-item-type-post_type menu-item-object-language_switcher current-language-menu-item menu-item-474\"><a href=\"https:\/\/pro.phoenixvoyages.com\/fr\/wp-json\/wp\/v2\/pages\/638\" class=\"elementor-sub-item elementor-item-anchor\"><span data-no-translation><img loading=\"lazy\" decoding=\"async\" class=\"trp-flag-image\" src=\"https:\/\/pro.phoenixvoyages.com\/wp-content\/plugins\/translatepress-multilingual\/assets\/images\/flags\/es_ES.png\" width=\"18\" height=\"12\" alt=\"es_ES\" title=\"Spanish\"><span class=\"trp-ls-language-name\">Spanish<\/span><\/span><\/a><\/li>\n<\/ul>\n<\/li>\n<\/ul>\t\t\t<\/nav>\n\t\t\t\t\t\t<nav class=\"elementor-nav-menu--dropdown elementor-nav-menu__container\" aria-hidden=\"true\">\n\t\t\t\t<ul id=\"menu-2-f684e04\" class=\"elementor-nav-menu\"><li class=\"trp-language-switcher-container menu-item menu-item-type-post_type menu-item-object-language_switcher menu-item-has-children current-language-menu-item menu-item-476\"><a href=\"https:\/\/pro.phoenixvoyages.com\/fr\/wp-json\/wp\/v2\/pages\/638\" class=\"elementor-item elementor-item-anchor\" tabindex=\"-1\"><span data-no-translation><img decoding=\"async\" class=\"trp-flag-image\" src=\"https:\/\/pro.phoenixvoyages.com\/wp-content\/plugins\/translatepress-multilingual\/assets\/images\/flags\/fr_FR.png\" width=\"18\" height=\"12\" alt=\"fr_FR\" title=\"French\"><span class=\"trp-ls-language-name\">French<\/span><\/span><\/a>\n<ul class=\"sub-menu elementor-nav-menu--dropdown\">\n\t<li class=\"trp-language-switcher-container menu-item menu-item-type-post_type menu-item-object-language_switcher current-language-menu-item menu-item-477\"><a href=\"https:\/\/pro.phoenixvoyages.com\/fr\/wp-json\/wp\/v2\/pages\/638\" class=\"elementor-sub-item elementor-item-anchor\" tabindex=\"-1\"><span data-no-translation><img decoding=\"async\" class=\"trp-flag-image\" src=\"https:\/\/pro.phoenixvoyages.com\/wp-content\/plugins\/translatepress-multilingual\/assets\/images\/flags\/en_US.png\" width=\"18\" height=\"12\" alt=\"en_US\" title=\"English\"><span class=\"trp-ls-language-name\">English<\/span><\/span><\/a><\/li>\n\t<li class=\"trp-language-switcher-container menu-item menu-item-type-post_type menu-item-object-language_switcher current-language-menu-item menu-item-474\"><a href=\"https:\/\/pro.phoenixvoyages.com\/fr\/wp-json\/wp\/v2\/pages\/638\" class=\"elementor-sub-item elementor-item-anchor\" tabindex=\"-1\"><span data-no-translation><img loading=\"lazy\" decoding=\"async\" class=\"trp-flag-image\" src=\"https:\/\/pro.phoenixvoyages.com\/wp-content\/plugins\/translatepress-multilingual\/assets\/images\/flags\/es_ES.png\" width=\"18\" height=\"12\" alt=\"es_ES\" title=\"Spanish\"><span class=\"trp-ls-language-name\">Spanish<\/span><\/span><\/a><\/li>\n<\/ul>\n<\/li>\n<\/ul>\t\t\t<\/nav>\n\t\t\t\t\t\t<\/div>\n\t\t\t\t<div data-dce-title-color=\"#FFFFFF\" class=\"elementor-element elementor-element-23090cf elementor-widget elementor-widget-heading\" data-id=\"23090cf\" data-element_type=\"widget\" data-e-type=\"widget\" data-widget_type=\"heading.default\">\n\t\t\t\t\t<h2 class=\"elementor-heading-title elementor-size-default\">R\u00e9cup\u00e9ration du mot de passe<\/h2>\t\t\t\t<\/div>\n\t\t\t\t<div class=\"elementor-element elementor-element-430b572 elementor-widget elementor-widget-wppb-recover-password\" data-id=\"430b572\" data-element_type=\"widget\" data-e-type=\"widget\" data-widget_type=\"wppb-recover-password.default\">\n\t\t\t\t<div class=\"elementor-widget-container\">\n\t\t\t\t\t<div class=\"wppb-recover-password-form-widget\"><div id=\"wppb-form-style-1-wrapper\" class=\"wppb-recover-password-form\"><div class=\"wppb_holder\" id=\"wppb-recover-password-container\">\t<form enctype=\"multipart\/form-data\" method=\"post\" id=\"wppb-recover-password\" class=\"wppb-user-forms wppb-ajax-form\" action=\"https:\/\/pro.phoenixvoyages.com\/fr\/wp-json\/wp\/v2\/pages\/638\" data-trp-original-action=\"https:\/\/pro.phoenixvoyages.com\/fr\/wp-json\/wp\/v2\/pages\/638\">\n\t<p>Veuillez saisir votre nom d'utilisateur ou votre adresse \u00e9lectronique.<br \/>Vous recevrez un lien pour cr\u00e9er un nouveau mot de passe par courrier \u00e9lectronique.<\/p><ul>\n\t\t\t<li class=\"wppb-form-field wppb-username-email wppb-form-text-field label-inside pbpl-class\">\n\t\t\t\t<label for=\"username_email\">Nom d'utilisateur ou courriel<\/label>\n\t\t\t\t<input class=\"text-input\" name=\"username_email\" type=\"text\" id=\"username_email\" value=\"\"  placeholder=\"Nom d&#039;utilisateur ou courriel\"  \/>\n\t\t\t<\/li><!-- .username_email --><\/ul>\t<p class=\"form-submit\">\n\t\t\t\t<input name=\"recover_password\" type=\"submit\" id=\"wppb-recover-password-button\" class=\"submit button\" value=\"Obtenir le lien de r\u00e9initialisation\" \/>\n\t\t<input name=\"action\" type=\"hidden\" id=\"action\" value=\"recover_password\" \/>\n\t<\/p>\n\t<input type=\"hidden\" id=\"password_recovery_nonce_field\" name=\"password_recovery_nonce_field\" value=\"f788bab31e\" \/><input type=\"hidden\" name=\"_wp_http_referer\" value=\"\/fr\/wp-json\/wp\/v2\/pages\/638\" \/>\t<input type=\"hidden\" name=\"trp-form-language\" value=\"fr\"\/><\/form>\n\t<\/div><\/div><\/div>\t\t\t\t<\/div>\n\t\t\t\t<\/div>\n\t\t\t\t<\/div>\n\t\t\t\t<\/div>\n\t\t\t\t<\/div>","protected":false},"excerpt":{"rendered":"<p>R\u00e9cup\u00e9ration du mot de passe NOTE : Vous \u00eates d\u00e9j\u00e0 connect\u00e9. Vous pouvez modifier votre mot de passe dans le formulaire de modification du profil.<\/p>","protected":false},"author":1,"featured_media":0,"parent":0,"menu_order":0,"comment_status":"closed","ping_status":"closed","template":"elementor_canvas","meta":{"_acf_changed":false,"footnotes":""},"class_list":["post-638","page","type-page","status-publish","hentry"],"acf":[],"_links":{"self":[{"href":"https:\/\/pro.phoenixvoyages.com\/fr\/wp-json\/wp\/v2\/pages\/638","targetHints":{"allow":["GET"]}}],"collection":[{"href":"https:\/\/pro.phoenixvoyages.com\/fr\/wp-json\/wp\/v2\/pages"}],"about":[{"href":"https:\/\/pro.phoenixvoyages.com\/fr\/wp-json\/wp\/v2\/types\/page"}],"author":[{"embeddable":true,"href":"https:\/\/pro.phoenixvoyages.com\/fr\/wp-json\/wp\/v2\/users\/1"}],"replies":[{"embeddable":true,"href":"https:\/\/pro.phoenixvoyages.com\/fr\/wp-json\/wp\/v2\/comments?post=638"}],"version-history":[{"count":22,"href":"https:\/\/pro.phoenixvoyages.com\/fr\/wp-json\/wp\/v2\/pages\/638\/revisions"}],"predecessor-version":[{"id":5396,"href":"https:\/\/pro.phoenixvoyages.com\/fr\/wp-json\/wp\/v2\/pages\/638\/revisions\/5396"}],"wp:attachment":[{"href":"https:\/\/pro.phoenixvoyages.com\/fr\/wp-json\/wp\/v2\/media?parent=638"}],"curies":[{"name":"wp","href":"https:\/\/api.w.org\/{rel}","templated":true}]}}