{"id":346,"date":"2025-02-28T10:57:41","date_gmt":"2025-02-28T10:57:41","guid":{"rendered":"https:\/\/v006pro.phoenixvoyages.com\/?page_id=346"},"modified":"2025-12-10T09:54:58","modified_gmt":"2025-12-10T02:54:58","slug":"login","status":"publish","type":"page","link":"https:\/\/pro.phoenixvoyages.com\/es\/login\/","title":{"rendered":"Inicio de sesi\u00f3n"},"content":{"rendered":"\t\t<div data-elementor-type=\"wp-page\" data-elementor-id=\"346\" class=\"elementor elementor-346\" data-elementor-post-type=\"page\">\n\t\t\t\t<div data-dce-background-image-url=\"https:\/\/pro.phoenixvoyages.com\/wp-content\/uploads\/2025\/12\/Phoenix-Pro-min-scaled.jpg\" class=\"elementor-element elementor-element-98db142 e-con-full e-flex e-con e-parent\" data-id=\"98db142\" data-element_type=\"container\" data-e-type=\"container\" data-settings=\"{&quot;background_background&quot;:&quot;classic&quot;}\">\n\t\t<div class=\"elementor-element elementor-element-55d11b2 e-con-full e-flex e-con e-child\" data-id=\"55d11b2\" data-element_type=\"container\" data-e-type=\"container\">\n\t\t\t\t<div class=\"elementor-element elementor-element-6cd53cf dce_masking-none elementor-widget elementor-widget-image\" data-id=\"6cd53cf\" data-element_type=\"widget\" data-e-type=\"widget\" data-widget_type=\"image.default\">\n\t\t\t\t\t\t\t\t\t\t\t\t\t\t\t\t<a href=\"https:\/\/pro.phoenixvoyages.com\/es\">\n\t\t\t\t\t\t\t<img fetchpriority=\"high\" decoding=\"async\" width=\"630\" height=\"202\" src=\"https:\/\/pro.phoenixvoyages.com\/wp-content\/uploads\/2025\/02\/dd7a44e5-1bd9-4668-8939-ac3d16931546.png\" class=\"attachment-large size-large wp-image-2183\" alt=\"\" srcset=\"https:\/\/pro.phoenixvoyages.com\/wp-content\/uploads\/2025\/02\/dd7a44e5-1bd9-4668-8939-ac3d16931546.png 630w, https:\/\/pro.phoenixvoyages.com\/wp-content\/uploads\/2025\/02\/dd7a44e5-1bd9-4668-8939-ac3d16931546-300x96.png 300w, https:\/\/pro.phoenixvoyages.com\/wp-content\/uploads\/2025\/02\/dd7a44e5-1bd9-4668-8939-ac3d16931546-18x6.png 18w\" sizes=\"(max-width: 630px) 100vw, 630px\" \/>\t\t\t\t\t\t\t\t<\/a>\n\t\t\t\t\t\t\t\t\t\t\t\t\t\t\t<\/div>\n\t\t\t\t<\/div>\n\t\t<div class=\"elementor-element elementor-element-dacec8e e-con-full e-flex e-con e-child\" data-id=\"dacec8e\" data-element_type=\"container\" data-e-type=\"container\">\n\t\t\t\t<div class=\"elementor-element elementor-element-2c9d273 elementor-widget elementor-widget-text-editor\" data-id=\"2c9d273\" data-element_type=\"widget\" data-e-type=\"widget\" data-widget_type=\"text-editor.default\">\n\t\t\t\t\t\t\t\t\t<p>Not account yet?<\/p>\t\t\t\t\t\t\t\t<\/div>\n\t\t\t\t<div class=\"elementor-element elementor-element-91a6e4c elementor-align-right elementor-widget elementor-widget-button\" data-id=\"91a6e4c\" data-element_type=\"widget\" data-e-type=\"widget\" data-widget_type=\"button.default\">\n\t\t\t\t\t\t\t\t\t\t<a class=\"elementor-button elementor-button-link elementor-size-sm\" href=\"https:\/\/pro.phoenixvoyages.com\/es\/register\/\">\n\t\t\t\t\t\t<span class=\"elementor-button-content-wrapper\">\n\t\t\t\t\t\t\t\t\t<span class=\"elementor-button-text\">Sign Up Here<\/span>\n\t\t\t\t\t<\/span>\n\t\t\t\t\t<\/a>\n\t\t\t\t\t\t\t\t<\/div>\n\t\t\t\t<\/div>\n\t\t<div data-dce-background-color=\"#00000080\" class=\"elementor-element elementor-element-2bdb692 e-con-full e-flex e-con e-child\" data-id=\"2bdb692\" data-element_type=\"container\" data-e-type=\"container\" data-settings=\"{&quot;background_background&quot;:&quot;classic&quot;}\">\n\t\t\t\t<div class=\"elementor-element elementor-element-aef98c2 elementor-nav-menu--dropdown-none elementor-widget elementor-widget-nav-menu\" data-id=\"aef98c2\" data-element_type=\"widget\" data-e-type=\"widget\" data-settings=\"{&quot;layout&quot;:&quot;horizontal&quot;,&quot;submenu_icon&quot;:{&quot;value&quot;:&quot;&lt;svg aria-hidden=\\&quot;true\\&quot; class=\\&quot;e-font-icon-svg e-fas-caret-down\\&quot; viewBox=\\&quot;0 0 320 512\\&quot; xmlns=\\&quot;http:\\\/\\\/www.w3.org\\\/2000\\\/svg\\&quot;&gt;&lt;path d=\\&quot;M31.3 192h257.3c17.8 0 26.7 21.5 14.1 34.1L174.1 354.8c-7.8 7.8-20.5 7.8-28.3 0L17.2 226.1C4.6 213.5 13.5 192 31.3 192z\\&quot;&gt;&lt;\\\/path&gt;&lt;\\\/svg&gt;&quot;,&quot;library&quot;:&quot;fa-solid&quot;}}\" data-widget_type=\"nav-menu.default\">\n\t\t\t\t\t\t\t\t<nav aria-label=\"Menu\" class=\"elementor-nav-menu--main elementor-nav-menu__container elementor-nav-menu--layout-horizontal e--pointer-underline e--animation-fade\">\n\t\t\t\t<ul id=\"menu-1-aef98c2\" class=\"elementor-nav-menu\"><li class=\"trp-language-switcher-container menu-item menu-item-type-post_type menu-item-object-language_switcher menu-item-has-children current-language-menu-item menu-item-476\"><a href=\"https:\/\/pro.phoenixvoyages.com\/es\/wp-json\/wp\/v2\/pages\/346#TRPLINKPROCESSED\" class=\"elementor-item elementor-item-anchor\"><span data-no-translation><img decoding=\"async\" class=\"trp-flag-image\" src=\"https:\/\/pro.phoenixvoyages.com\/wp-content\/plugins\/translatepress-multilingual\/assets\/images\/flags\/es_ES.png\" width=\"18\" height=\"12\" alt=\"es_ES\" title=\"Spanish\"><span class=\"trp-ls-language-name\">Spanish<\/span><\/span><\/a>\n<ul class=\"sub-menu elementor-nav-menu--dropdown\">\n\t<li class=\"trp-language-switcher-container menu-item menu-item-type-post_type menu-item-object-language_switcher current-language-menu-item menu-item-477\"><a href=\"https:\/\/pro.phoenixvoyages.com\/es\/wp-json\/wp\/v2\/pages\/346#TRPLINKPROCESSED\" class=\"elementor-sub-item elementor-item-anchor\"><span data-no-translation><img decoding=\"async\" class=\"trp-flag-image\" src=\"https:\/\/pro.phoenixvoyages.com\/wp-content\/plugins\/translatepress-multilingual\/assets\/images\/flags\/en_US.png\" width=\"18\" height=\"12\" alt=\"en_US\" title=\"English\"><span class=\"trp-ls-language-name\">English<\/span><\/span><\/a><\/li>\n\t<li class=\"trp-language-switcher-container menu-item menu-item-type-post_type menu-item-object-language_switcher current-language-menu-item menu-item-475\"><a href=\"https:\/\/pro.phoenixvoyages.com\/es\/wp-json\/wp\/v2\/pages\/346#TRPLINKPROCESSED\" class=\"elementor-sub-item elementor-item-anchor\"><span data-no-translation><img loading=\"lazy\" decoding=\"async\" class=\"trp-flag-image\" src=\"https:\/\/pro.phoenixvoyages.com\/wp-content\/plugins\/translatepress-multilingual\/assets\/images\/flags\/fr_FR.png\" width=\"18\" height=\"12\" alt=\"fr_FR\" title=\"French\"><span class=\"trp-ls-language-name\">French<\/span><\/span><\/a><\/li>\n<\/ul>\n<\/li>\n<\/ul>\t\t\t<\/nav>\n\t\t\t\t\t\t<nav class=\"elementor-nav-menu--dropdown elementor-nav-menu__container\" aria-hidden=\"true\">\n\t\t\t\t<ul id=\"menu-2-aef98c2\" class=\"elementor-nav-menu\"><li class=\"trp-language-switcher-container menu-item menu-item-type-post_type menu-item-object-language_switcher menu-item-has-children current-language-menu-item menu-item-476\"><a href=\"https:\/\/pro.phoenixvoyages.com\/es\/wp-json\/wp\/v2\/pages\/346#TRPLINKPROCESSED\" class=\"elementor-item elementor-item-anchor\" tabindex=\"-1\"><span data-no-translation><img decoding=\"async\" class=\"trp-flag-image\" src=\"https:\/\/pro.phoenixvoyages.com\/wp-content\/plugins\/translatepress-multilingual\/assets\/images\/flags\/es_ES.png\" width=\"18\" height=\"12\" alt=\"es_ES\" title=\"Spanish\"><span class=\"trp-ls-language-name\">Spanish<\/span><\/span><\/a>\n<ul class=\"sub-menu elementor-nav-menu--dropdown\">\n\t<li class=\"trp-language-switcher-container menu-item menu-item-type-post_type menu-item-object-language_switcher current-language-menu-item menu-item-477\"><a href=\"https:\/\/pro.phoenixvoyages.com\/es\/wp-json\/wp\/v2\/pages\/346#TRPLINKPROCESSED\" class=\"elementor-sub-item elementor-item-anchor\" tabindex=\"-1\"><span data-no-translation><img decoding=\"async\" class=\"trp-flag-image\" src=\"https:\/\/pro.phoenixvoyages.com\/wp-content\/plugins\/translatepress-multilingual\/assets\/images\/flags\/en_US.png\" width=\"18\" height=\"12\" alt=\"en_US\" title=\"English\"><span class=\"trp-ls-language-name\">English<\/span><\/span><\/a><\/li>\n\t<li class=\"trp-language-switcher-container menu-item menu-item-type-post_type menu-item-object-language_switcher current-language-menu-item menu-item-475\"><a href=\"https:\/\/pro.phoenixvoyages.com\/es\/wp-json\/wp\/v2\/pages\/346#TRPLINKPROCESSED\" class=\"elementor-sub-item elementor-item-anchor\" tabindex=\"-1\"><span data-no-translation><img loading=\"lazy\" decoding=\"async\" class=\"trp-flag-image\" src=\"https:\/\/pro.phoenixvoyages.com\/wp-content\/plugins\/translatepress-multilingual\/assets\/images\/flags\/fr_FR.png\" width=\"18\" height=\"12\" alt=\"fr_FR\" title=\"French\"><span class=\"trp-ls-language-name\">French<\/span><\/span><\/a><\/li>\n<\/ul>\n<\/li>\n<\/ul>\t\t\t<\/nav>\n\t\t\t\t\t\t<\/div>\n\t\t\t\t<div data-dce-title-color=\"#FFFFFF\" class=\"elementor-element elementor-element-14e3d12 elementor-widget elementor-widget-heading\" data-id=\"14e3d12\" data-element_type=\"widget\" data-e-type=\"widget\" data-widget_type=\"heading.default\">\n\t\t\t\t\t<h2 class=\"elementor-heading-title elementor-size-default\">Agent Login<\/h2>\t\t\t\t<\/div>\n\t\t\t\t<div class=\"elementor-element elementor-element-20b9992 elementor-widget elementor-widget-wppb-login\" data-id=\"20b9992\" data-element_type=\"widget\" data-e-type=\"widget\" data-widget_type=\"wppb-login.default\">\n\t\t\t\t<div class=\"elementor-widget-container\">\n\t\t\t\t\t<script type='text\/javascript'>\n\t\tvar elementskit = {\n\t\t\tresturl: 'https:\/\/pro.phoenixvoyages.com\/es\/wp-json\/elementskit\/v1\/',\n\t\t}\n\n\t\t<\/script><script src=\"https:\/\/pro.phoenixvoyages.com\/wp-includes\/js\/jquery\/jquery.min.js\" id=\"jquery-core-js\"><\/script>\n<script src=\"https:\/\/pro.phoenixvoyages.com\/wp-includes\/js\/jquery\/jquery-migrate.min.js\" id=\"jquery-migrate-js\"><\/script>\n<div class=\"wppb-login-form-widget\"><div id=\"wppb-form-style-1-wrapper\" class=\"wppb-user-login-form\"><div id=\"wppb-login-wrap\" class=\"wppb-user-forms\">\n\t\t<form name=\"wppb-loginform\" id=\"wppb-loginform\" class=\"wppb-2fa-form\" action=\"https:\/\/pro.phoenixvoyages.com\/es\/wp-json\/wp\/v2\/pages\/346\" method=\"post\">\n\t\t\t\n\t\t\t<p class=\"wppb-form-field login-username wppb-form-text-field label-inside pbpl-class\">\n\t\t\t\t<label for=\"wppb_user_login\">Username or Email<\/label>\n\t\t\t\t<input type=\"text\" name=\"log\" id=\"wppb_user_login\" class=\"input\" value=\"\" size=\"20\" \/>\n\t\t\t<\/p>\n\t\t\t<p class=\"wppb-form-field login-password wppb-form-text-field label-inside pbpl-class\">\n\t\t\t\t<label for=\"wppb_user_pass\">Password<\/label>\n\t\t\t\t<span class=\"wppb-password-field-container\">\n\t\t\t\t    <input type=\"password\" name=\"pwd\" id=\"wppb_user_pass\" class=\"input\" value=\"\" size=\"20\" \/>\n\t\t\t\t    \n            <button type=\"button\" class=\"wppb-toggle-pw wppb-show-pw hide-if-no-js\" data-toggle=\"0\" aria-label=\"Show password\" tabindex=\"-1\">\n                <img decoding=\"async\" src=\"https:\/\/pro.phoenixvoyages.com\/wp-content\/plugins\/profile-builder\/\/assets\/images\/eye-outline.svg\" title=\"Show password\" width=\"20px\" height=\"20px\" \/>\n            <\/button> <!-- add the HTML for the visibility toggle -->\n\t\t\t\t<\/span>\n            <\/p>\n\t\t\t\n\t\t\t\n\t\t\t<p class=\"wppb-form-field login-remember\"><input name=\"rememberme\" type=\"checkbox\" id=\"rememberme\" value=\"forever\" \/><label for=\"rememberme\">Remember Me<\/label><\/p>\n\t\t\t<p class=\"login-submit form-submit\">\n\t\t\t\t<input type=\"submit\" name=\"wp-submit\" id=\"wppb-submit\" class=\"button button-primary\" value=\"Log In\"\" \/>\n\t\t\t\t<input type=\"hidden\" name=\"redirect_to\" value=\"https:\/\/pro.phoenixvoyages.com\/es\/\" \/>\n\t\t\t<\/p>\n\t\t\t<input type=\"hidden\" name=\"wppb_login\" value=\"true\"\/>\n\t\t\t<input type=\"hidden\" name=\"wppb_form_location\" value=\"widget\"\/>\n\t\t\t<input type=\"hidden\" name=\"wppb_request_url\" value=\"https:\/\/pro.phoenixvoyages.com\/es\/wp-json\/wp\/v2\/pages\/346\"\/>\n\t\t\t<input type=\"hidden\" name=\"wppb_lostpassword_url\" value=\"https:\/\/pro.phoenixvoyages.com\/es\/password-recovery\/\"\/>\n\t\t\t<input type=\"hidden\" name=\"wppb_redirect_priority\" value=\"normal\"\/>\n\t\t\t<input type=\"hidden\" name=\"wppb_referer_url\" value=\"\"\/>\n\t\t\t<input type=\"hidden\" id=\"CSRFToken-wppb\" name=\"CSRFToken-wppb\" value=\"d2b0f072e0\" \/><input type=\"hidden\" name=\"_wp_http_referer\" value=\"\/es\/wp-json\/wp\/v2\/pages\/346\" \/>\n\t\t\t<input type=\"hidden\" name=\"wppb_redirect_check\" value=\"true\"\/>\n\t\t\t\n            <script type=\"text\/javascript\">\n                jQuery( document ).ready(function() {\n                    var WPPBAuthNonce = \"5a833f05e1\";\n                    var ajaxurl = \"https:\/\/pro.phoenixvoyages.com\/wp-admin\/admin-ajax.php\";\n    \n                    if ( !jQuery(\".login-auth\").length ){\n                    \n                        jQuery(\"#wppb-loginform\").one(\"submit\", wppb2fa_login_form_submit_handler);\n                        jQuery(document).one(\"wppb_invisible_recaptcha_success wppb_v3_recaptcha_success\", wppb2fa_login_form_submit_handler);\n\n                        function wppb2fa_login_form_submit_handler(event) {\n                            \n                            var thisForm = this;\n\n                            if( event.type && ( event.type === \"wppb_invisible_recaptcha_success\" || event.type === \"wppb_v3_recaptcha_success\" ) ) {\n                                thisForm = jQuery(\"#wppb-loginform\");\n                            }\n\n                            event.preventDefault();\n\n                            var data = new Object();\n                                data[\"action\"]\t = \"WPPBAuth_field_on_login_form\";\n                                data[\"nonce\"]\t = WPPBAuthNonce;\n                                data[\"location\"] = \"frontend\";\n                                data[\"user\"]\t = jQuery(\"#wppb_user_login.input\").val();\n                            jQuery.post(ajaxurl, data, function(response) {\n\n                                \/\/ Add class to form\n                                jQuery(thisForm).addClass(\"wppb-2fa-authentication-requested\");\n\n                                if ( response && !jQuery(\".login-auth\").length ) {\n                                    jQuery(\"#wppb-login-wrap\").before(response[\"notice\"]);\n                                    jQuery(\".login-password\").after(response[\"field\"]);\n                                    \n                                    \/\/ include dynamically added field into FD Styles \n                                    if ( typeof handleFloatingLabels === \"function\" ) {\n                                        handleFloatingLabels( jQuery( \".login-auth\" ) );\n                                    }\n                                    \n                                    \/\/ maybe add placeholder to the 2FA Field\n                                    if ( typeof loginAuthPlaceholder === \"function\" ) {\n                                        loginAuthPlaceholder( jQuery( \".login-auth\" ) );\n                                    }                                    \n                                                                        \n                                } else {\n                                    if( !event.type || ( event.type !== \"wppb_invisible_recaptcha_success\" && event.type !== \"wppb_v3_recaptcha_success\" ) ) {\n                                        jQuery(\"#wppb-loginform\").submit();\n                                    }\n                                }\n                            });\n                        }\n                    }\n                });\n            <\/script>\n            \n\t\t<\/form><p class=\"login-register-lost-password\"><a class=\"login-register\" href=\"https:\/\/pro.phoenixvoyages.com\/es\/register\/\">Register<\/a><span class=\"login-separator\"> | <\/span><a class=\"login-lost-password\" href=\"https:\/\/pro.phoenixvoyages.com\/es\/password-recovery\/\">Lost your password?<\/a><\/p><script>if ( document.getElementById(\"rememberme\") ) document.getElementById(\"rememberme\").checked = true;<\/script><\/div><\/div><\/div>\t\t\t\t<\/div>\n\t\t\t\t<\/div>\n\t\t\t\t<\/div>\n\t\t\t\t<\/div>\n\t\t\t\t<\/div>\n\t\t","protected":false},"excerpt":{"rendered":"<p>\u00bfA\u00fan no tiene cuenta? Reg\u00edstrese aqu\u00ed Inicio de sesi\u00f3n del agente \u00a1NOTA!Actualmente ha iniciado sesi\u00f3n como thibault_t1nfeftl. Cerrar sesi\u00f3n \u00bb<\/p>","protected":false},"author":1,"featured_media":0,"parent":0,"menu_order":0,"comment_status":"closed","ping_status":"closed","template":"elementor_canvas","meta":{"_acf_changed":false,"footnotes":""},"class_list":["post-346","page","type-page","status-publish","hentry"],"acf":[],"_links":{"self":[{"href":"https:\/\/pro.phoenixvoyages.com\/es\/wp-json\/wp\/v2\/pages\/346","targetHints":{"allow":["GET"]}}],"collection":[{"href":"https:\/\/pro.phoenixvoyages.com\/es\/wp-json\/wp\/v2\/pages"}],"about":[{"href":"https:\/\/pro.phoenixvoyages.com\/es\/wp-json\/wp\/v2\/types\/page"}],"author":[{"embeddable":true,"href":"https:\/\/pro.phoenixvoyages.com\/es\/wp-json\/wp\/v2\/users\/1"}],"replies":[{"embeddable":true,"href":"https:\/\/pro.phoenixvoyages.com\/es\/wp-json\/wp\/v2\/comments?post=346"}],"version-history":[{"count":136,"href":"https:\/\/pro.phoenixvoyages.com\/es\/wp-json\/wp\/v2\/pages\/346\/revisions"}],"predecessor-version":[{"id":5306,"href":"https:\/\/pro.phoenixvoyages.com\/es\/wp-json\/wp\/v2\/pages\/346\/revisions\/5306"}],"wp:attachment":[{"href":"https:\/\/pro.phoenixvoyages.com\/es\/wp-json\/wp\/v2\/media?parent=346"}],"curies":[{"name":"wp","href":"https:\/\/api.w.org\/{rel}","templated":true}]}}